{"id":16,"date":"2014-05-16T18:42:22","date_gmt":"2014-05-16T18:42:22","guid":{"rendered":"http:\/\/sheillynunez.com\/nuevo\/?page_id=16"},"modified":"2020-08-27T01:55:49","modified_gmt":"2020-08-27T01:55:49","slug":"biografia","status":"publish","type":"page","link":"https:\/\/sheillynunez.com\/index.php\/biografia\/","title":{"rendered":"Biograf\u00eda"},"content":{"rendered":"<p>[vc_row][vc_column width=\u00bb4\/12&#8243;][vc_single_image image=\u00bb16652&#8243; img_size=\u00bbfull\u00bb][\/vc_column][vc_column width=\u00bb6\/12&#8243;][vc_custom_heading text=\u00bbABOGADA\u00bb][vc_separator][vc_column_text]Sheilly N\u00fa\u00f1ez Guerrero. Nacida en Santo Domingo, Rep\u00fablica Dominicana.<\/p>\n<p>Es licenciada en Derecho graduada con honores de la Pontificia Universidad Cat\u00f3lica Madre y Maestra (PUCMM), posee un postgrado en Derecho Societario y Corporativo de la misma universidad.[\/vc_column_text]<blockquote class='type1 ' ><q>Resumir mi carrera hasta el momento es sentir la progresi\u00f3n de una mujer decidida a lograr todo lo que se propone.<\/q><\/blockquote>[vc_column_text]Posee experiencia en la pr\u00e1ctica societaria, derecho comercial, turismo, regulaci\u00f3n migratoria para el trabajo y la inversi\u00f3n, garant\u00edas de t\u00edtulos inmobiliarios, administraci\u00f3n patrimonial e impulso a Pymes de la Rep\u00fablica Dominicana.<\/p>\n<p>Obtuvo la titulaci\u00f3n de Analista de Relaciones Internacionales en la Escuela Diplom\u00e1tica y Consular Eduardo Latorre del Ministerio de Relaciones Exteriores de la Rep\u00fablica Dominicana (hoy Instituto de Formaci\u00f3n Diplom\u00e1tica y Consular, INESDYC), siendo la calificaci\u00f3n m\u00e1s alta de la promoci\u00f3n Pedro Fern\u00e1ndez Peix.[\/vc_column_text][\/vc_column][vc_column width=\u00bb2\/12&#8243;][\/vc_column][\/vc_row][vc_row][vc_column][vc_empty_space height=\u00bb30&#8243;][\/vc_column][\/vc_row][vc_row full_width=\u00bbstretch_row_content\u00bb css=\u00bb.vc_custom_1598491232117{padding-top: 40px !important;padding-bottom: 40px !important;background-color: #ededed !important;}\u00bb][vc_column width=\u00bb2\/12&#8243;][\/vc_column][vc_column width=\u00bb6\/12&#8243;][vc_custom_heading text=\u00bbPROYECTOS\u00bb][vc_separator color=\u00bbwhite\u00bb][vc_column_text]Estudi\u00f3 un m\u00e1ster en Dise\u00f1o, Gesti\u00f3n y Direcci\u00f3n de Proyectos de la Universidad Miguel de Cervantes, Espa\u00f1a.<\/p>\n<p>Es certificada en PM4R Leadership\u00ae del INDES-BID. Actualmente es doctoranda en Proyectos de la Universidad Internacional Iberoamericana (UNINI, M\u00e9xico).[\/vc_column_text]<blockquote class='type1 ' ><q>En los proyectos lo m\u00e1s importante es nunca perder de vista el objetivo.<\/q><\/blockquote>[vc_column_text]Ha coordinado proyectos en educaci\u00f3n, administraci\u00f3n patrimonial, Pymes, desarrollo exportador, clusterizaci\u00f3n, gobernabilidad democr\u00e1tica, seguridad ciudadana, prevenci\u00f3n de la criminalidad, y cierre de brechas econ\u00f3micas de g\u00e9nero.<\/p>\n<p>Es docente de la C\u00e1tedra de \u201cgesti\u00f3n de contratos en proyectos\u201d de la Maestr\u00eda en Direcci\u00f3n de Proyectos de la Pontificia Universidad Cat\u00f3lica Madre y Maestra (PUCMM).[\/vc_column_text][\/vc_column][vc_column width=\u00bb3\/12&#8243;][vc_single_image image=\u00bb16654&#8243; img_size=\u00bbfull\u00bb][\/vc_column][vc_column width=\u00bb1\/12&#8243;][\/vc_column][\/vc_row][vc_row][vc_column][vc_empty_space height=\u00bb30&#8243;][\/vc_column][\/vc_row][vc_row][vc_column width=\u00bb4\/12&#8243;][vc_single_image image=\u00bb16655&#8243; img_size=\u00bbfull\u00bb][\/vc_column][vc_column width=\u00bb6\/12&#8243;][vc_custom_heading text=\u00bbENSE\u00d1ANZA\u00bb][vc_separator][vc_column_text]Estudi\u00f3 ense\u00f1anza de escritura con el National Writing Project- NWPNH, en la Universidad Estatal de Plymouth, New Hampshire, en Estados Unidos para la cual es maestra consultora.<\/p>\n<p>Ha sido facilitadora de T\u00e9cnicas de Exposici\u00f3n Escrita para Post-grado en la Pontificia Universidad Cat\u00f3lica Madre y Maestra.[\/vc_column_text]<blockquote class='type1 ' ><q>Creo firmemente que las palabras tienen poder, quiero ense\u00f1ar c\u00f3mo usarlo.<\/q><\/blockquote>[vc_column_text]Es conferencista y ha participado en eventos acad\u00e9micos, recitales y ha facilitado una centena de talleres de lectoescritura a nivel nacional.<\/p>\n<p>Fue fundadora del Proyecto de Escritura Nacional (PEN), y es CEO de Aula 11:11 una plataforma de innovaci\u00f3n educativa.[\/vc_column_text][\/vc_column][vc_column width=\u00bb2\/12&#8243;][\/vc_column][\/vc_row][vc_row][vc_column][vc_empty_space height=\u00bb30&#8243;][\/vc_column][\/vc_row][vc_row full_width=\u00bbstretch_row_content\u00bb css=\u00bb.vc_custom_1598491232117{padding-top: 40px !important;padding-bottom: 40px !important;background-color: #ededed !important;}\u00bb][vc_column width=\u00bb2\/12&#8243;][\/vc_column][vc_column width=\u00bb6\/12&#8243;][vc_custom_heading text=\u00bbESCRITURA\u00bb][vc_separator color=\u00bbwhite\u00bb][vc_column_text]En el a\u00f1o 2004 su libro: \u201cLos Elementos\u201d fue ganador del \u201cConcurso de Cuento Joven de la Feria Internacional del Libro de Santo Domingo\u201d. En 2011, result\u00f3 ganadora de una menci\u00f3n de honor en el concurso de minificciones \u201cCiudad del Ozama\u201d\u00a0 con \u201cLa \u00daltima Taza de T\u00e9\u201d, ese mismo a\u00f1o de la menci\u00f3n de honor en el concurso de cuentos de Radio Santa Mar\u00eda con: \u201cLa Equilibrista\u201d y fue finalista en 2013 del prestigioso concurso de la Fundaci\u00f3n C\u00e9sar Egido Serrano y el Museo de la Palabra en el III Concurso Internacional de Microrelatos.[\/vc_column_text]<blockquote class='type1 ' ><q>Escribir es parte integral de mi vida y me encanta narrar, creo que la forma en que cuentas algo puede cambiarlo todo.<\/q><\/blockquote>[vc_column_text]Sus textos han sido incluidos en las antolog\u00edas: Coloquios (2005), \u201cY tambi\u00e9n soy palabra\u201d (2011 y 2012), Revista Pa\u00eds Cultural. A\u00f1o V. N\u00famero 12. Noviembre 2011; Nanocuentos (2012); Mujer en Pocas Palabras (2013) y Daring to Write (2016).<\/p>\n<p>En 2020, redact\u00f3 en documento t\u00e9cnico \u201cFactores Diferenciales de G\u00e9nero en la Pandemia Covid-19, An\u00e1lisis y Recomendaciones para el Sector P\u00fablico y Privado en R.D.\u201d publicado con el sello de la Iniciativa de Paridad de G\u00e9nero de la Rep\u00fablica Dominicana (IPG-RD).<\/p>\n<p>Adem\u00e1s del espa\u00f1ol, domina los idiomas ingl\u00e9s y franc\u00e9s.[\/vc_column_text][\/vc_column][vc_column width=\u00bb3\/12&#8243;][vc_single_image image=\u00bb16657&#8243; img_size=\u00bbfull\u00bb][\/vc_column][vc_column width=\u00bb1\/12&#8243;][\/vc_column][\/vc_row]<\/p>\n","protected":false},"excerpt":{"rendered":"<p>[vc_row][vc_column width=\u00bb4\/12&#8243;][vc_single_image image=\u00bb16652&#8243; img_size=\u00bbfull\u00bb][\/vc_column][vc_column width=\u00bb6\/12&#8243;][vc_custom_heading text=\u00bbABOGADA\u00bb][vc_separator][vc_column_text]Sheilly N\u00fa\u00f1ez Guerrero. Nacida en Santo Domingo, Rep\u00fablica Dominicana. Es licenciada en Derecho graduada con honores de la Pontificia Universidad Cat\u00f3lica Madre y Maestra (PUCMM), [&hellip;]<\/p>\n","protected":false},"author":1,"featured_media":0,"parent":0,"menu_order":0,"comment_status":"open","ping_status":"open","template":"","meta":{"footnotes":""},"class_list":["post-16","page","type-page","status-publish","hentry"],"_links":{"self":[{"href":"https:\/\/sheillynunez.com\/index.php\/wp-json\/wp\/v2\/pages\/16","targetHints":{"allow":["GET"]}}],"collection":[{"href":"https:\/\/sheillynunez.com\/index.php\/wp-json\/wp\/v2\/pages"}],"about":[{"href":"https:\/\/sheillynunez.com\/index.php\/wp-json\/wp\/v2\/types\/page"}],"author":[{"embeddable":true,"href":"https:\/\/sheillynunez.com\/index.php\/wp-json\/wp\/v2\/users\/1"}],"replies":[{"embeddable":true,"href":"https:\/\/sheillynunez.com\/index.php\/wp-json\/wp\/v2\/comments?post=16"}],"version-history":[{"count":12,"href":"https:\/\/sheillynunez.com\/index.php\/wp-json\/wp\/v2\/pages\/16\/revisions"}],"predecessor-version":[{"id":16691,"href":"https:\/\/sheillynunez.com\/index.php\/wp-json\/wp\/v2\/pages\/16\/revisions\/16691"}],"wp:attachment":[{"href":"https:\/\/sheillynunez.com\/index.php\/wp-json\/wp\/v2\/media?parent=16"}],"curies":[{"name":"wp","href":"https:\/\/api.w.org\/{rel}","templated":true}]}}