{"id":16718,"date":"2020-09-17T20:29:43","date_gmt":"2020-09-17T20:29:43","guid":{"rendered":"https:\/\/sheillynunez.com\/?page_id=16718"},"modified":"2020-09-17T20:42:21","modified_gmt":"2020-09-17T20:42:21","slug":"servicios","status":"publish","type":"page","link":"https:\/\/sheillynunez.com\/index.php\/servicios\/","title":{"rendered":"Servicios"},"content":{"rendered":"<p>[vc_row][vc_column][vc_tta_accordion][vc_tta_section title=\u00bbConsultor\u00eda para Proyectos\u00bb tab_id=\u00bb1600373634965-a7dc8aac-17ec\u00bb][vc_row_inner][vc_column_inner width=\u00bb5\/12&#8243;][vc_column_text]<strong>\u00bfNecesitas asesor\u00eda para el dise\u00f1o y ejecuci\u00f3n de un proyecto?<\/strong><br \/>\n<strong>\u00bfQuieres saber c\u00f3mo obtener financiamiento para tu proyecto?<\/strong><br \/>\n<strong>\u00bfQuieres conocer las responsabilidades legales que implica tu proyecto?<\/strong><br \/>\n<strong>\u00bfQuieres evaluar un proyecto existente?<\/strong>[\/vc_column_text][vc_message]<strong>D\u00e9jame saber c\u00f3mo puedo apoyarte<\/strong><br \/>\n<a href=\"mailto:sheilly@sheillynunez.com\">sheilly@sheillynunez.com<\/a>[\/vc_message][\/vc_column_inner][vc_column_inner width=\u00bb1\/12&#8243;][\/vc_column_inner][vc_column_inner width=\u00bb6\/12&#8243;][vc_column_text]Tengo m\u00e1s de 10 a\u00f1os de experiencia en proyectos muy diversos, pudiendo conocer todas las fases de su ciclo de vida.<\/p>\n<p>He trabajado proyectos vinculados al turismo, clusterizaci\u00f3n, impulso a Pymes, apoyo al sector exportador, apoyo a fabricantes de productos de belleza, pol\u00edticas p\u00fablicas, sistema penitenciario, emprendimiento, econom\u00eda naranja, educaci\u00f3n y desarrollo de comunidades lectoras.<\/p>\n<p>He sido consultora para: la AIRD, ADOEXPO, USAID, OEI, Ministerio de Agricultura, Ministerio de Cultura, Procuradur\u00eda General de la Rep\u00fablica Dominicana, PNUD, Banco Interamericano de Desarrollo (BID) y Ministerio de la Presidencia.[\/vc_column_text][\/vc_column_inner][\/vc_row_inner][\/vc_tta_section][vc_tta_section title=\u00bbConferencias Tem\u00e1ticas\u00bb tab_id=\u00bb1600373634978-7fa4f83e-7c3d\u00bb][vc_row_inner][vc_column_inner width=\u00bb5\/12&#8243;][vc_column_text]<strong>\u00bfNecesitas impartir conocimientos a una audiencia especializada?<br \/>\n\u00bfEl tema que quieres entregar est\u00e1 relacionado con Derecho Comercial, Proyectos, Educaci\u00f3n o Lectoescritura?<br \/>\nO quiz\u00e1s, \u00bferes t\u00fa el conferencista y necesitas ayuda para dise\u00f1ar y preparar tu presentaci\u00f3n?<br \/>\n<\/strong>[\/vc_column_text][vc_message]<strong>D\u00e9jame saber c\u00f3mo puedo apoyarte<\/strong><br \/>\n<a href=\"mailto:sheilly@sheillynunez.com\">sheilly@sheillynunez.com<\/a>[\/vc_message][\/vc_column_inner][vc_column_inner width=\u00bb1\/12&#8243;][\/vc_column_inner][vc_column_inner width=\u00bb6\/12&#8243;][vc_column_text]A nivel nacional, he impartido conferencias en la Feria Internacional del Libro de Santo Domingo (2006, 2017, 2018 y 2019). Fui conferencista del Simposio de Lectoescritura del Congreso Aprendo 2017, realizado por EDUCA.<\/p>\n<p>Represent\u00e9 la Iniciativa de Paridad de G\u00e9nero de la Rep\u00fablica Dominicana en el Taller Mecanismos de acompa\u00f1amiento y entrenamiento internacionales para aportar la participaci\u00f3n de empresas lideradas por mujeres. (17 de Enero, 2020)<br \/>\nInternacionalmente he representado a la Rep\u00fablica Dominicana como disertante en los eventos:<br \/>\n\u2981 El Encuentro Iberoamericano de Pol\u00edtica Criminal, Cartagena, Colombia, COMJIB.( 7 y 8 marzo 2018);<br \/>\n\u2981 The Standing Committees of Chiefs of Inmigration and Comptrollers Of Customs, Kingston, Jamaica. PICA, IMPACS. (29 y 30 mayo 2018);<br \/>\n\u2981 La Reuni\u00f3n T\u00e9cnica de la UNODC sobre Grupo de Expertos para el Desarrollo de la gu\u00eda T\u00e9cnica para la Prevenci\u00f3n del VIH de Madres a hijos en prisiones, Viena, Austria, UNODC. (3 y 4 de Julio 2018).[\/vc_column_text][\/vc_column_inner][\/vc_row_inner][\/vc_tta_section][vc_tta_section title=\u00bbCursos y Talleres\u00bb tab_id=\u00bb1600375174190-d213ea59-4e71&#8243;][vc_row_inner][vc_column_inner width=\u00bb5\/12&#8243;][vc_column_text]<strong>\u00bfNecesitas aprender sobre c\u00f3mo manejar proyectos de una forma f\u00e1cil?<br \/>\n\u00bfNecesitas entrenar a tus empleados\/as en el manejo de proyectos?<br \/>\n\u00bfNecesitas entrenar a tus empleados\/as en destrezas de lectoescritura?<br \/>\n\u00bfNecesitas mentor\u00eda personalizada para publicar un texto espec\u00edfico?<br \/>\n<\/strong>[\/vc_column_text][\/vc_column_inner][vc_column_inner width=\u00bb1\/12&#8243;][\/vc_column_inner][vc_column_inner width=\u00bb6\/12&#8243;][vc_column_text]La asertividad, la escucha atenta, comunicaci\u00f3n efectiva y una formaci\u00f3n para ense\u00f1ar enfocada en el estudiante, me han permitido ser seleccionada para impartir cursos y talleres en mis temas de dominio.[\/vc_column_text][vc_message]<strong>D\u00e9jame saber c\u00f3mo puedo apoyarte<\/strong><br \/>\n<a href=\"mailto:sheilly@sheillynunez.com\">sheilly@sheillynunez.com<\/a>[\/vc_message][\/vc_column_inner][\/vc_row_inner][\/vc_tta_section][\/vc_tta_accordion][\/vc_column][\/vc_row]<\/p>\n","protected":false},"excerpt":{"rendered":"<p>[vc_row][vc_column][vc_tta_accordion][vc_tta_section title=\u00bbConsultor\u00eda para Proyectos\u00bb tab_id=\u00bb1600373634965-a7dc8aac-17ec\u00bb][vc_row_inner][vc_column_inner width=\u00bb5\/12&#8243;][vc_column_text]\u00bfNecesitas asesor\u00eda para el dise\u00f1o y ejecuci\u00f3n de un proyecto? \u00bfQuieres saber c\u00f3mo obtener financiamiento para tu proyecto? \u00bfQuieres conocer las responsabilidades legales que implica [&hellip;]<\/p>\n","protected":false},"author":1,"featured_media":0,"parent":0,"menu_order":0,"comment_status":"closed","ping_status":"closed","template":"","meta":{"footnotes":""},"class_list":["post-16718","page","type-page","status-publish","hentry"],"_links":{"self":[{"href":"https:\/\/sheillynunez.com\/index.php\/wp-json\/wp\/v2\/pages\/16718","targetHints":{"allow":["GET"]}}],"collection":[{"href":"https:\/\/sheillynunez.com\/index.php\/wp-json\/wp\/v2\/pages"}],"about":[{"href":"https:\/\/sheillynunez.com\/index.php\/wp-json\/wp\/v2\/types\/page"}],"author":[{"embeddable":true,"href":"https:\/\/sheillynunez.com\/index.php\/wp-json\/wp\/v2\/users\/1"}],"replies":[{"embeddable":true,"href":"https:\/\/sheillynunez.com\/index.php\/wp-json\/wp\/v2\/comments?post=16718"}],"version-history":[{"count":7,"href":"https:\/\/sheillynunez.com\/index.php\/wp-json\/wp\/v2\/pages\/16718\/revisions"}],"predecessor-version":[{"id":16726,"href":"https:\/\/sheillynunez.com\/index.php\/wp-json\/wp\/v2\/pages\/16718\/revisions\/16726"}],"wp:attachment":[{"href":"https:\/\/sheillynunez.com\/index.php\/wp-json\/wp\/v2\/media?parent=16718"}],"curies":[{"name":"wp","href":"https:\/\/api.w.org\/{rel}","templated":true}]}}